{"id":5089,"date":"2021-06-08T22:36:55","date_gmt":"2021-06-08T22:36:55","guid":{"rendered":"https:\/\/lacasadelastortugas.lalosdesign.com\/?page_id=5089"},"modified":"2021-06-15T03:48:34","modified_gmt":"2021-06-15T03:48:34","slug":"maria-felix-2","status":"publish","type":"page","link":"https:\/\/lacasadelastortugas.com\/en\/maria-felix-2\/","title":{"rendered":"Maria Felix"},"content":{"rendered":"\t\t<div data-elementor-type=\"wp-page\" data-elementor-id=\"5089\" class=\"elementor elementor-5089\">\n\t\t\t\t\t\t<div class=\"elementor-inner\">\n\t\t\t\t<div class=\"elementor-section-wrap\">\n\t\t\t\t\t\t\t\t\t<section class=\"elementor-section elementor-top-section elementor-element elementor-element-76e1244 elementor-section-stretched elementor-section-boxed elementor-section-height-default elementor-section-height-default\" data-id=\"76e1244\" data-element_type=\"section\" data-settings=\"{&quot;stretch_section&quot;:&quot;section-stretched&quot;,&quot;background_background&quot;:&quot;classic&quot;}\">\n\t\t\t\t\t\t<div class=\"elementor-container elementor-column-gap-no\">\n\t\t\t\t\t\t\t<div class=\"elementor-row\">\n\t\t\t\t\t<div class=\"elementor-column elementor-col-100 elementor-top-column elementor-element elementor-element-d8b1f8e galeria\" data-id=\"d8b1f8e\" data-element_type=\"column\">\n\t\t\t<div class=\"elementor-column-wrap elementor-element-populated\">\n\t\t\t\t\t\t\t<div class=\"elementor-widget-wrap\">\n\t\t\t\t\t\t<section class=\"elementor-section elementor-inner-section elementor-element elementor-element-1112883 elementor-section-boxed elementor-section-height-default elementor-section-height-default\" data-id=\"1112883\" data-element_type=\"section\">\n\t\t\t\t\t\t<div class=\"elementor-container elementor-column-gap-default\">\n\t\t\t\t\t\t\t<div class=\"elementor-row\">\n\t\t\t\t\t<div class=\"elementor-column elementor-col-100 elementor-inner-column elementor-element elementor-element-067b0c5\" data-id=\"067b0c5\" data-element_type=\"column\">\n\t\t\t<div class=\"elementor-column-wrap elementor-element-populated\">\n\t\t\t\t\t\t\t<div class=\"elementor-widget-wrap\">\n\t\t\t\t\t\t<div class=\"elementor-element elementor-element-373b9bd elementor-widget elementor-widget-text-editor\" data-id=\"373b9bd\" data-element_type=\"widget\" data-widget_type=\"text-editor.default\">\n\t\t\t\t<div class=\"elementor-widget-container\">\n\t\t\t\t\t<div class=\"elementor-text-editor elementor-clearfix\"><h1 style=\"text-align: center;\"><span style=\"color: #5c4c36;\">Mar\u00eda F\u00e9lix<\/span><\/h1>\n<h2 style=\"text-align: center;\"><span style=\"color: #5c4c36;\">Mar\u00eda Fel\u00edz, La inolvidable<\/span><\/h2><\/div>\n\t\t\t\t<\/div>\n\t\t\t\t<\/div>\n\t\t\t\t\t\t<\/div>\n\t\t\t\t\t<\/div>\n\t\t<\/div>\n\t\t\t\t\t\t\t\t<\/div>\n\t\t\t\t\t<\/div>\n\t\t<\/section>\n\t\t\t\t<section class=\"elementor-section elementor-inner-section elementor-element elementor-element-892b3f1 elementor-section-boxed elementor-section-height-default elementor-section-height-default\" data-id=\"892b3f1\" data-element_type=\"section\">\n\t\t\t\t\t\t<div class=\"elementor-container elementor-column-gap-default\">\n\t\t\t\t\t\t\t<div class=\"elementor-row\">\n\t\t\t\t\t<div class=\"elementor-column elementor-col-50 elementor-inner-column elementor-element elementor-element-427a58c\" data-id=\"427a58c\" data-element_type=\"column\">\n\t\t\t<div class=\"elementor-column-wrap elementor-element-populated\">\n\t\t\t\t\t\t\t<div class=\"elementor-widget-wrap\">\n\t\t\t\t\t\t<div class=\"elementor-element elementor-element-9de0ced elementor-widget elementor-widget-image\" data-id=\"9de0ced\" data-element_type=\"widget\" data-widget_type=\"image.default\">\n\t\t\t\t<div class=\"elementor-widget-container\">\n\t\t\t        <div class=\"elementor-image\">\n                                                <img width=\"244\" height=\"300\" src=\"https:\/\/lacasadelastortugas.com\/en\/wp-content\/uploads\/2021\/06\/799145796290d49da5c357d6e887bfff-244x300.jpg\" class=\"attachment-medium size-medium wp-image-5094\" alt=\"\" decoding=\"async\" loading=\"lazy\" srcset=\"https:\/\/lacasadelastortugas.com\/en\/wp-content\/uploads\/2021\/06\/799145796290d49da5c357d6e887bfff-244x300.jpg 244w, https:\/\/lacasadelastortugas.com\/en\/wp-content\/uploads\/2021\/06\/799145796290d49da5c357d6e887bfff-400x493.jpg 400w, https:\/\/lacasadelastortugas.com\/en\/wp-content\/uploads\/2021\/06\/799145796290d49da5c357d6e887bfff.jpg 480w\" sizes=\"(max-width: 244px) 100vw, 244px\" \/>                                                            <\/div>\n        \t\t<\/div>\n\t\t\t\t<\/div>\n\t\t\t\t\t\t<\/div>\n\t\t\t\t\t<\/div>\n\t\t<\/div>\n\t\t\t\t<div class=\"elementor-column elementor-col-50 elementor-inner-column elementor-element elementor-element-d4f332f\" data-id=\"d4f332f\" data-element_type=\"column\">\n\t\t\t<div class=\"elementor-column-wrap elementor-element-populated\">\n\t\t\t\t\t\t\t<div class=\"elementor-widget-wrap\">\n\t\t\t\t\t\t<div class=\"elementor-element elementor-element-258107c elementor-widget elementor-widget-text-editor\" data-id=\"258107c\" data-element_type=\"widget\" data-widget_type=\"text-editor.default\">\n\t\t\t\t<div class=\"elementor-widget-container\">\n\t\t\t\t\t<div class=\"elementor-text-editor elementor-clearfix\"><p>A stunning beauty and unique personality, Mar\u00eda Felix gave glory to Mexican and international cinema, but was also an icon of fashion and muse of artists and designers. Her style left a mark on the glamour of yesteryear and today; it set out the 1940s and 50s on the catwalks; La Do\u00f1a returns to become the inspiration of the most prestigious collections and of course, the red carpet, where the new Hollywood divas aspire to be as memorable as she was.\u00a0<\/p><\/div>\n\t\t\t\t<\/div>\n\t\t\t\t<\/div>\n\t\t\t\t\t\t<\/div>\n\t\t\t\t\t<\/div>\n\t\t<\/div>\n\t\t\t\t\t\t\t\t<\/div>\n\t\t\t\t\t<\/div>\n\t\t<\/section>\n\t\t\t\t<section class=\"elementor-section elementor-inner-section elementor-element elementor-element-b0ab560 elementor-section-boxed elementor-section-height-default elementor-section-height-default\" data-id=\"b0ab560\" data-element_type=\"section\">\n\t\t\t\t\t\t<div class=\"elementor-container elementor-column-gap-default\">\n\t\t\t\t\t\t\t<div class=\"elementor-row\">\n\t\t\t\t\t<div class=\"elementor-column elementor-col-50 elementor-inner-column elementor-element elementor-element-e5334a6\" data-id=\"e5334a6\" data-element_type=\"column\">\n\t\t\t<div class=\"elementor-column-wrap elementor-element-populated\">\n\t\t\t\t\t\t\t<div class=\"elementor-widget-wrap\">\n\t\t\t\t\t\t<div class=\"elementor-element elementor-element-2546c0e elementor-widget elementor-widget-image\" data-id=\"2546c0e\" data-element_type=\"widget\" data-widget_type=\"image.default\">\n\t\t\t\t<div class=\"elementor-widget-container\">\n\t\t\t        <div class=\"elementor-image\">\n                                                <img width=\"220\" height=\"300\" src=\"https:\/\/lacasadelastortugas.com\/en\/wp-content\/uploads\/2021\/06\/0f4c94b81471b28ae2f7c7f207153335-220x300.jpg\" class=\"attachment-medium size-medium wp-image-5095\" alt=\"\" decoding=\"async\" loading=\"lazy\" srcset=\"https:\/\/lacasadelastortugas.com\/en\/wp-content\/uploads\/2021\/06\/0f4c94b81471b28ae2f7c7f207153335-220x300.jpg 220w, https:\/\/lacasadelastortugas.com\/en\/wp-content\/uploads\/2021\/06\/0f4c94b81471b28ae2f7c7f207153335-400x546.jpg 400w, https:\/\/lacasadelastortugas.com\/en\/wp-content\/uploads\/2021\/06\/0f4c94b81471b28ae2f7c7f207153335.jpg 500w\" sizes=\"(max-width: 220px) 100vw, 220px\" \/>                                                            <\/div>\n        \t\t<\/div>\n\t\t\t\t<\/div>\n\t\t\t\t\t\t<\/div>\n\t\t\t\t\t<\/div>\n\t\t<\/div>\n\t\t\t\t<div class=\"elementor-column elementor-col-50 elementor-inner-column elementor-element elementor-element-a5c43cc\" data-id=\"a5c43cc\" data-element_type=\"column\">\n\t\t\t<div class=\"elementor-column-wrap elementor-element-populated\">\n\t\t\t\t\t\t\t<div class=\"elementor-widget-wrap\">\n\t\t\t\t\t\t<div class=\"elementor-element elementor-element-6955d96 elementor-widget elementor-widget-text-editor\" data-id=\"6955d96\" data-element_type=\"widget\" data-widget_type=\"text-editor.default\">\n\t\t\t\t<div class=\"elementor-widget-container\">\n\t\t\t\t\t<div class=\"elementor-text-editor elementor-clearfix\"><p><strong>From Shop Windows To Fame<\/strong><br \/>Her passion for fashion and her interest in peculiar articles, not only carried Mar\u00eda Felix to amass enviable collections of jewels, lace, porcelain, furniture, and shawls among others; but were also the reasons why she was discovered. It is said that while looking at shop windows in Mexico City, director Fernando Palacios prompted the lady to audition for a film; she did not take him seriously, until sometime later when she decided to accept the challenge to become a legend.<\/p><\/div>\n\t\t\t\t<\/div>\n\t\t\t\t<\/div>\n\t\t\t\t\t\t<\/div>\n\t\t\t\t\t<\/div>\n\t\t<\/div>\n\t\t\t\t\t\t\t\t<\/div>\n\t\t\t\t\t<\/div>\n\t\t<\/section>\n\t\t\t\t<section class=\"elementor-section elementor-inner-section elementor-element elementor-element-5c0aa62 elementor-section-boxed elementor-section-height-default elementor-section-height-default\" data-id=\"5c0aa62\" data-element_type=\"section\">\n\t\t\t\t\t\t<div class=\"elementor-container elementor-column-gap-default\">\n\t\t\t\t\t\t\t<div class=\"elementor-row\">\n\t\t\t\t\t<div class=\"elementor-column elementor-col-50 elementor-inner-column elementor-element elementor-element-6ba1c61\" data-id=\"6ba1c61\" data-element_type=\"column\">\n\t\t\t<div class=\"elementor-column-wrap elementor-element-populated\">\n\t\t\t\t\t\t\t<div class=\"elementor-widget-wrap\">\n\t\t\t\t\t\t<div class=\"elementor-element elementor-element-404434e elementor-widget elementor-widget-image\" data-id=\"404434e\" data-element_type=\"widget\" data-widget_type=\"image.default\">\n\t\t\t\t<div class=\"elementor-widget-container\">\n\t\t\t        <div class=\"elementor-image\">\n                                                <img width=\"278\" height=\"300\" src=\"https:\/\/lacasadelastortugas.com\/en\/wp-content\/uploads\/2021\/06\/8fce41c091a6d6f2a713fe83db7147e2-278x300.png\" class=\"attachment-medium size-medium wp-image-5096\" alt=\"\" decoding=\"async\" loading=\"lazy\" srcset=\"https:\/\/lacasadelastortugas.com\/en\/wp-content\/uploads\/2021\/06\/8fce41c091a6d6f2a713fe83db7147e2-278x300.png 278w, https:\/\/lacasadelastortugas.com\/en\/wp-content\/uploads\/2021\/06\/8fce41c091a6d6f2a713fe83db7147e2-400x431.png 400w, https:\/\/lacasadelastortugas.com\/en\/wp-content\/uploads\/2021\/06\/8fce41c091a6d6f2a713fe83db7147e2.png 585w\" sizes=\"(max-width: 278px) 100vw, 278px\" \/>                                                            <\/div>\n        \t\t<\/div>\n\t\t\t\t<\/div>\n\t\t\t\t\t\t<\/div>\n\t\t\t\t\t<\/div>\n\t\t<\/div>\n\t\t\t\t<div class=\"elementor-column elementor-col-50 elementor-inner-column elementor-element elementor-element-e1bd359\" data-id=\"e1bd359\" data-element_type=\"column\">\n\t\t\t<div class=\"elementor-column-wrap elementor-element-populated\">\n\t\t\t\t\t\t\t<div class=\"elementor-widget-wrap\">\n\t\t\t\t\t\t<div class=\"elementor-element elementor-element-1862057 elementor-widget elementor-widget-text-editor\" data-id=\"1862057\" data-element_type=\"widget\" data-widget_type=\"text-editor.default\">\n\t\t\t\t<div class=\"elementor-widget-container\">\n\t\t\t\t\t<div class=\"elementor-text-editor elementor-clearfix\"><p><strong>Felix Style<\/strong><br \/>At the start of the 1940s, Mar\u00eda Felix was already a star in the world of cinema and fashion. Famed for her highlighted curves and tiny waist, the trends of the time favored her even more and, although she adopted emblematic designs from the late 40s and early 50s girded at the waist and with extra-wide skirts, La Do\u00f1a was able to impose her own style thanks to her adored colossal pieces of jewelry and wide-brimmed hats.<\/p><\/div>\n\t\t\t\t<\/div>\n\t\t\t\t<\/div>\n\t\t\t\t\t\t<\/div>\n\t\t\t\t\t<\/div>\n\t\t<\/div>\n\t\t\t\t\t\t\t\t<\/div>\n\t\t\t\t\t<\/div>\n\t\t<\/section>\n\t\t\t\t<section class=\"elementor-section elementor-inner-section elementor-element elementor-element-d5d0690 elementor-section-boxed elementor-section-height-default elementor-section-height-default\" data-id=\"d5d0690\" data-element_type=\"section\">\n\t\t\t\t\t\t<div class=\"elementor-container elementor-column-gap-default\">\n\t\t\t\t\t\t\t<div class=\"elementor-row\">\n\t\t\t\t\t<div class=\"elementor-column elementor-col-50 elementor-inner-column elementor-element elementor-element-7e323fc\" data-id=\"7e323fc\" data-element_type=\"column\">\n\t\t\t<div class=\"elementor-column-wrap elementor-element-populated\">\n\t\t\t\t\t\t\t<div class=\"elementor-widget-wrap\">\n\t\t\t\t\t\t<div class=\"elementor-element elementor-element-a5b6d01 elementor-widget elementor-widget-image\" data-id=\"a5b6d01\" data-element_type=\"widget\" data-widget_type=\"image.default\">\n\t\t\t\t<div class=\"elementor-widget-container\">\n\t\t\t        <div class=\"elementor-image\">\n                                                <img width=\"244\" height=\"300\" src=\"https:\/\/lacasadelastortugas.com\/en\/wp-content\/uploads\/2021\/06\/d55cb6ff7319c6f2db52de36824d3c30-244x300.jpg\" class=\"attachment-medium size-medium wp-image-5097\" alt=\"\" decoding=\"async\" loading=\"lazy\" srcset=\"https:\/\/lacasadelastortugas.com\/en\/wp-content\/uploads\/2021\/06\/d55cb6ff7319c6f2db52de36824d3c30-244x300.jpg 244w, https:\/\/lacasadelastortugas.com\/en\/wp-content\/uploads\/2021\/06\/d55cb6ff7319c6f2db52de36824d3c30-833x1024.jpg 833w, https:\/\/lacasadelastortugas.com\/en\/wp-content\/uploads\/2021\/06\/d55cb6ff7319c6f2db52de36824d3c30-768x944.jpg 768w, https:\/\/lacasadelastortugas.com\/en\/wp-content\/uploads\/2021\/06\/d55cb6ff7319c6f2db52de36824d3c30-400x491.jpg 400w, https:\/\/lacasadelastortugas.com\/en\/wp-content\/uploads\/2021\/06\/d55cb6ff7319c6f2db52de36824d3c30-600x737.jpg 600w, https:\/\/lacasadelastortugas.com\/en\/wp-content\/uploads\/2021\/06\/d55cb6ff7319c6f2db52de36824d3c30.jpg 879w\" sizes=\"(max-width: 244px) 100vw, 244px\" \/>                                                            <\/div>\n        \t\t<\/div>\n\t\t\t\t<\/div>\n\t\t\t\t\t\t<\/div>\n\t\t\t\t\t<\/div>\n\t\t<\/div>\n\t\t\t\t<div class=\"elementor-column elementor-col-50 elementor-inner-column elementor-element elementor-element-ec37566\" data-id=\"ec37566\" data-element_type=\"column\">\n\t\t\t<div class=\"elementor-column-wrap elementor-element-populated\">\n\t\t\t\t\t\t\t<div class=\"elementor-widget-wrap\">\n\t\t\t\t\t\t<div class=\"elementor-element elementor-element-da376d2 elementor-widget elementor-widget-text-editor\" data-id=\"da376d2\" data-element_type=\"widget\" data-widget_type=\"text-editor.default\">\n\t\t\t\t<div class=\"elementor-widget-container\">\n\t\t\t\t\t<div class=\"elementor-text-editor elementor-clearfix\">A stunning beauty and unique personality, Mar\u00eda Felix gave glory to Mexican and international cinema, but was also an icon of fashion and muse of artists and designers. Her style left a mark on the glamour of yesteryear and today; it set out the 1940s and 50s on the catwalks; La Do\u00f1a returns to become the inspiration of the most prestigious collections and of course, the red carpet, where the new Hollywood divas aspire to be as memorable as she was.<\/div>\n\t\t\t\t<\/div>\n\t\t\t\t<\/div>\n\t\t\t\t\t\t<\/div>\n\t\t\t\t\t<\/div>\n\t\t<\/div>\n\t\t\t\t\t\t\t\t<\/div>\n\t\t\t\t\t<\/div>\n\t\t<\/section>\n\t\t\t\t<section class=\"elementor-section elementor-inner-section elementor-element elementor-element-5435a82 elementor-section-boxed elementor-section-height-default elementor-section-height-default\" data-id=\"5435a82\" data-element_type=\"section\">\n\t\t\t\t\t\t<div class=\"elementor-container elementor-column-gap-default\">\n\t\t\t\t\t\t\t<div class=\"elementor-row\">\n\t\t\t\t\t<div class=\"elementor-column elementor-col-50 elementor-inner-column elementor-element elementor-element-1a3eb5e\" data-id=\"1a3eb5e\" data-element_type=\"column\">\n\t\t\t<div class=\"elementor-column-wrap elementor-element-populated\">\n\t\t\t\t\t\t\t<div class=\"elementor-widget-wrap\">\n\t\t\t\t\t\t<div class=\"elementor-element elementor-element-8a62538 elementor-widget elementor-widget-image\" data-id=\"8a62538\" data-element_type=\"widget\" data-widget_type=\"image.default\">\n\t\t\t\t<div class=\"elementor-widget-container\">\n\t\t\t        <div class=\"elementor-image\">\n                                                <img width=\"212\" height=\"300\" src=\"https:\/\/lacasadelastortugas.com\/en\/wp-content\/uploads\/2021\/06\/465c84a2ccd8659d21a5ec99d2cbb0f8-212x300.jpg\" class=\"attachment-medium size-medium wp-image-5099\" alt=\"\" decoding=\"async\" loading=\"lazy\" srcset=\"https:\/\/lacasadelastortugas.com\/en\/wp-content\/uploads\/2021\/06\/465c84a2ccd8659d21a5ec99d2cbb0f8-212x300.jpg 212w, https:\/\/lacasadelastortugas.com\/en\/wp-content\/uploads\/2021\/06\/465c84a2ccd8659d21a5ec99d2cbb0f8-724x1024.jpg 724w, https:\/\/lacasadelastortugas.com\/en\/wp-content\/uploads\/2021\/06\/465c84a2ccd8659d21a5ec99d2cbb0f8-400x565.jpg 400w, https:\/\/lacasadelastortugas.com\/en\/wp-content\/uploads\/2021\/06\/465c84a2ccd8659d21a5ec99d2cbb0f8-600x848.jpg 600w, https:\/\/lacasadelastortugas.com\/en\/wp-content\/uploads\/2021\/06\/465c84a2ccd8659d21a5ec99d2cbb0f8.jpg 764w\" sizes=\"(max-width: 212px) 100vw, 212px\" \/>                                                            <\/div>\n        \t\t<\/div>\n\t\t\t\t<\/div>\n\t\t\t\t\t\t<\/div>\n\t\t\t\t\t<\/div>\n\t\t<\/div>\n\t\t\t\t<div class=\"elementor-column elementor-col-50 elementor-inner-column elementor-element elementor-element-576abb8\" data-id=\"576abb8\" data-element_type=\"column\">\n\t\t\t<div class=\"elementor-column-wrap elementor-element-populated\">\n\t\t\t\t\t\t\t<div class=\"elementor-widget-wrap\">\n\t\t\t\t\t\t<div class=\"elementor-element elementor-element-9a17088 elementor-widget elementor-widget-text-editor\" data-id=\"9a17088\" data-element_type=\"widget\" data-widget_type=\"text-editor.default\">\n\t\t\t\t<div class=\"elementor-widget-container\">\n\t\t\t\t\t<div class=\"elementor-text-editor elementor-clearfix\"><p><strong>Coveted Model<\/strong><br \/>Known for her wardrobe demands, Mar\u00eda Felix established accounts with her clothes designers; she tried creations as many times as necessary so a fabulous garment could be produced. Her stunning beauty and demeanor captured the attention of the most prestigious fashion houses from Christian Dior -for whom she modeled collections- to Valentino, Chanel, Givenchy, Yves Saint Laurent and Balenciaga, who sought to dress her, and of course Hermes and Cartier, her favorite accessories firms.<\/p><\/div>\n\t\t\t\t<\/div>\n\t\t\t\t<\/div>\n\t\t\t\t\t\t<\/div>\n\t\t\t\t\t<\/div>\n\t\t<\/div>\n\t\t\t\t\t\t\t\t<\/div>\n\t\t\t\t\t<\/div>\n\t\t<\/section>\n\t\t\t\t<section class=\"elementor-section elementor-inner-section elementor-element elementor-element-bc7bda9 elementor-section-boxed elementor-section-height-default elementor-section-height-default\" data-id=\"bc7bda9\" data-element_type=\"section\">\n\t\t\t\t\t\t<div class=\"elementor-container elementor-column-gap-default\">\n\t\t\t\t\t\t\t<div class=\"elementor-row\">\n\t\t\t\t\t<div class=\"elementor-column elementor-col-50 elementor-inner-column elementor-element elementor-element-fcef36f\" data-id=\"fcef36f\" data-element_type=\"column\">\n\t\t\t<div class=\"elementor-column-wrap elementor-element-populated\">\n\t\t\t\t\t\t\t<div class=\"elementor-widget-wrap\">\n\t\t\t\t\t\t<div class=\"elementor-element elementor-element-76b3ce6 elementor-widget elementor-widget-image\" data-id=\"76b3ce6\" data-element_type=\"widget\" data-widget_type=\"image.default\">\n\t\t\t\t<div class=\"elementor-widget-container\">\n\t\t\t        <div class=\"elementor-image\">\n                                                <img width=\"284\" height=\"300\" src=\"https:\/\/lacasadelastortugas.com\/en\/wp-content\/uploads\/2021\/06\/46a1b5268323dc238bd56603b45c25d9-284x300.jpg\" class=\"attachment-medium size-medium wp-image-5100\" alt=\"\" decoding=\"async\" loading=\"lazy\" srcset=\"https:\/\/lacasadelastortugas.com\/en\/wp-content\/uploads\/2021\/06\/46a1b5268323dc238bd56603b45c25d9-284x300.jpg 284w, https:\/\/lacasadelastortugas.com\/en\/wp-content\/uploads\/2021\/06\/46a1b5268323dc238bd56603b45c25d9-400x422.jpg 400w, https:\/\/lacasadelastortugas.com\/en\/wp-content\/uploads\/2021\/06\/46a1b5268323dc238bd56603b45c25d9-600x634.jpg 600w, https:\/\/lacasadelastortugas.com\/en\/wp-content\/uploads\/2021\/06\/46a1b5268323dc238bd56603b45c25d9.jpg 606w\" sizes=\"(max-width: 284px) 100vw, 284px\" \/>                                                            <\/div>\n        \t\t<\/div>\n\t\t\t\t<\/div>\n\t\t\t\t\t\t<\/div>\n\t\t\t\t\t<\/div>\n\t\t<\/div>\n\t\t\t\t<div class=\"elementor-column elementor-col-50 elementor-inner-column elementor-element elementor-element-23f23f5\" data-id=\"23f23f5\" data-element_type=\"column\">\n\t\t\t<div class=\"elementor-column-wrap elementor-element-populated\">\n\t\t\t\t\t\t\t<div class=\"elementor-widget-wrap\">\n\t\t\t\t\t\t<div class=\"elementor-element elementor-element-cd2e793 elementor-widget elementor-widget-text-editor\" data-id=\"cd2e793\" data-element_type=\"widget\" data-widget_type=\"text-editor.default\">\n\t\t\t\t<div class=\"elementor-widget-container\">\n\t\t\t\t\t<div class=\"elementor-text-editor elementor-clearfix\"><p><strong>Cartier Muse<\/strong><br \/>The prestigious French jewelry brand found in Mar\u00eda Felix something more than an excellent client. Designs requested by La Do\u00f1a added to the fame of the firm, which years later would launch a collection inspired by one of its muses. In addition, some of the most emblematic pieces belonging to Maria featuring her beloved crocodiles and snakes are now part of the Cartier collection of art, which has been shown in many museums around the world.<\/p><p>Maria Felix sold most of her jewelry back to Cartier. She left a 1957 Rolls Royce back in Paris.<\/p><\/div>\n\t\t\t\t<\/div>\n\t\t\t\t<\/div>\n\t\t\t\t\t\t<\/div>\n\t\t\t\t\t<\/div>\n\t\t<\/div>\n\t\t\t\t\t\t\t\t<\/div>\n\t\t\t\t\t<\/div>\n\t\t<\/section>\n\t\t\t\t\t\t<\/div>\n\t\t\t\t\t<\/div>\n\t\t<\/div>\n\t\t\t\t\t\t\t\t<\/div>\n\t\t\t\t\t<\/div>\n\t\t<\/section>\n\t\t\t\t\t\t\t\t\t<\/div>\n\t\t\t<\/div>\n\t\t\t\t\t<\/div>\n\t\t","protected":false},"excerpt":{"rendered":"<p>Mar\u00eda F\u00e9lix Mar\u00eda Fel\u00edz, La inolvidable A stunning beauty and unique personality, Mar\u00eda Felix gave glory to Mexican and international cinema, but was also an icon of fashion and muse of artists and designers. Her style left a mark on the glamour of yesteryear and today; it set out the 1940s and 50s on the &hellip; <\/p>\n<p class=\"link-more\"><a href=\"https:\/\/lacasadelastortugas.com\/en\/maria-felix-2\/\" class=\"more-link\">Read More <span class=\"screen-reader-text\"> &#8220;Maria Felix&#8221;<\/span><\/a><\/p>\n","protected":false},"author":1,"featured_media":0,"parent":0,"menu_order":0,"comment_status":"closed","ping_status":"closed","template":"","meta":[],"_links":{"self":[{"href":"https:\/\/lacasadelastortugas.com\/en\/wp-json\/wp\/v2\/pages\/5089"}],"collection":[{"href":"https:\/\/lacasadelastortugas.com\/en\/wp-json\/wp\/v2\/pages"}],"about":[{"href":"https:\/\/lacasadelastortugas.com\/en\/wp-json\/wp\/v2\/types\/page"}],"author":[{"embeddable":true,"href":"https:\/\/lacasadelastortugas.com\/en\/wp-json\/wp\/v2\/users\/1"}],"replies":[{"embeddable":true,"href":"https:\/\/lacasadelastortugas.com\/en\/wp-json\/wp\/v2\/comments?post=5089"}],"version-history":[{"count":16,"href":"https:\/\/lacasadelastortugas.com\/en\/wp-json\/wp\/v2\/pages\/5089\/revisions"}],"predecessor-version":[{"id":5213,"href":"https:\/\/lacasadelastortugas.com\/en\/wp-json\/wp\/v2\/pages\/5089\/revisions\/5213"}],"wp:attachment":[{"href":"https:\/\/lacasadelastortugas.com\/en\/wp-json\/wp\/v2\/media?parent=5089"}],"curies":[{"name":"wp","href":"https:\/\/api.w.org\/{rel}","templated":true}]}}